{"id":686,"date":"2021-02-26T17:02:21","date_gmt":"2021-02-26T20:02:21","guid":{"rendered":"https:\/\/expert-seg.com\/site\/?page_id=686"},"modified":"2021-02-27T23:41:21","modified_gmt":"2021-02-28T02:41:21","slug":"solucoes-locacao","status":"publish","type":"page","link":"https:\/\/expert-seg.com\/site\/solucoes-locacao\/","title":{"rendered":"Solu\u00e7\u00f5es para Loca\u00e7\u00e3o"},"content":{"rendered":"\t\t<div data-elementor-type=\"wp-page\" data-elementor-id=\"686\" class=\"elementor elementor-686\" data-elementor-settings=\"[]\">\n\t\t\t\t\t\t\t<div class=\"elementor-section-wrap\">\n\t\t\t\t\t\t\t<section class=\"elementor-section elementor-top-section elementor-element elementor-element-1cb3b52b elementor-section-height-full elementor-section-boxed elementor-section-height-default elementor-section-items-middle\" data-id=\"1cb3b52b\" data-element_type=\"section\" data-settings=\"{&quot;background_background&quot;:&quot;classic&quot;}\">\n\t\t\t\t\t\t\t<div class=\"elementor-background-overlay\"><\/div>\n\t\t\t\t\t\t\t<div class=\"elementor-container elementor-column-gap-default\">\n\t\t\t\t\t<div class=\"elementor-column elementor-col-100 elementor-top-column elementor-element elementor-element-62b94336\" data-id=\"62b94336\" data-element_type=\"column\">\n\t\t\t<div class=\"elementor-widget-wrap elementor-element-populated\">\n\t\t\t\t\t\t\t\t<div class=\"elementor-element elementor-element-d9ff3de elementor-widget elementor-widget-heading\" data-id=\"d9ff3de\" data-element_type=\"widget\" data-widget_type=\"heading.default\">\n\t\t\t\t<div class=\"elementor-widget-container\">\n\t\t\t<h2 class=\"elementor-heading-title elementor-size-large\">Solu\u00e7\u00f5es para loca\u00e7\u00e3o<\/h2>\t\t<\/div>\n\t\t\t\t<\/div>\n\t\t\t\t<div class=\"elementor-element elementor-element-18434ef4 elementor-widget-divider--view-line elementor-widget elementor-widget-divider\" data-id=\"18434ef4\" data-element_type=\"widget\" data-widget_type=\"divider.default\">\n\t\t\t\t<div class=\"elementor-widget-container\">\n\t\t\t\t\t<div class=\"elementor-divider\">\n\t\t\t<span class=\"elementor-divider-separator\">\n\t\t\t\t\t\t<\/span>\n\t\t<\/div>\n\t\t\t\t<\/div>\n\t\t\t\t<\/div>\n\t\t\t\t<section class=\"elementor-section elementor-inner-section elementor-element elementor-element-5069da20 elementor-section-boxed elementor-section-height-default elementor-section-height-default\" data-id=\"5069da20\" data-element_type=\"section\">\n\t\t\t\t\t\t<div class=\"elementor-container elementor-column-gap-wide\">\n\t\t\t\t\t<div class=\"elementor-column elementor-col-33 elementor-inner-column elementor-element elementor-element-78dcaba1\" data-id=\"78dcaba1\" data-element_type=\"column\">\n\t\t\t<div class=\"elementor-widget-wrap elementor-element-populated\">\n\t\t\t\t\t\t\t\t<div class=\"elementor-element elementor-element-1283f844 elementor-widget elementor-widget-heading\" data-id=\"1283f844\" data-element_type=\"widget\" data-widget_type=\"heading.default\">\n\t\t\t\t<div class=\"elementor-widget-container\">\n\t\t\t<h4 class=\"elementor-heading-title elementor-size-medium\"><a href=\"https:\/\/expert-seg.com\/site\/fianca-locaticia\/\">Fian\u00e7a Locat\u00edcia<\/a><\/h4>\t\t<\/div>\n\t\t\t\t<\/div>\n\t\t\t\t<div class=\"elementor-element elementor-element-255a94d5 elementor-widget elementor-widget-text-editor\" data-id=\"255a94d5\" data-element_type=\"widget\" data-widget_type=\"text-editor.default\">\n\t\t\t\t<div class=\"elementor-widget-container\">\n\t\t\t\t\t<div class=\"elementor-text-editor elementor-clearfix\"><p>Servi\u00e7o contratado pelo inquilino para prestar garantia do contrato de loca\u00e7\u00e3o onde propriet\u00e1rios e imobili\u00e1rias est\u00e3o protegidos de eventuais preju\u00edzos caso o inquilino n\u00e3o cumpra com suas obriga\u00e7\u00f5es<\/p><\/div>\n\t\t\t\t<\/div>\n\t\t\t\t<\/div>\n\t\t\t\t<div class=\"elementor-element elementor-element-3b82bb9 elementor-align-center elementor-widget elementor-widget-button\" data-id=\"3b82bb9\" data-element_type=\"widget\" data-widget_type=\"button.default\">\n\t\t\t\t<div class=\"elementor-widget-container\">\n\t\t\t\t\t<div class=\"elementor-button-wrapper\">\n\t\t\t<a href=\"https:\/\/expert-seg.com\/site\/fianca-locaticia\" class=\"elementor-button-link elementor-button elementor-size-md\" role=\"button\">\n\t\t\t\t\t\t<span class=\"elementor-button-content-wrapper\">\n\t\t\t\t\t\t<span class=\"elementor-button-text\">Cotar agora<\/span>\n\t\t<\/span>\n\t\t\t\t\t<\/a>\n\t\t<\/div>\n\t\t\t\t<\/div>\n\t\t\t\t<\/div>\n\t\t\t\t\t<\/div>\n\t\t<\/div>\n\t\t\t\t<div class=\"elementor-column elementor-col-33 elementor-inner-column elementor-element elementor-element-1ffcb025\" data-id=\"1ffcb025\" data-element_type=\"column\">\n\t\t\t<div class=\"elementor-widget-wrap elementor-element-populated\">\n\t\t\t\t\t\t\t\t<div class=\"elementor-element elementor-element-16c9da26 elementor-widget elementor-widget-heading\" data-id=\"16c9da26\" data-element_type=\"widget\" data-widget_type=\"heading.default\">\n\t\t\t\t<div class=\"elementor-widget-container\">\n\t\t\t<h4 class=\"elementor-heading-title elementor-size-medium\"><a href=\"https:\/\/expert-seg.com\/site\/titulo-de-capitalizacao\">T\u00edtulo de Capitaliza\u00e7\u00e3o<\/a><\/h4>\t\t<\/div>\n\t\t\t\t<\/div>\n\t\t\t\t<div class=\"elementor-element elementor-element-1f68c988 elementor-widget elementor-widget-text-editor\" data-id=\"1f68c988\" data-element_type=\"widget\" data-widget_type=\"text-editor.default\">\n\t\t\t\t<div class=\"elementor-widget-container\">\n\t\t\t\t\t<div class=\"elementor-text-editor elementor-clearfix\"><p>Produto financeiro que inquilino adquire para fornecer como garantia de contrato de loca\u00e7\u00e3o. Na entrega das chaves o inquilino recebe de volta o valor total ou parcial do capital investido<\/p><\/div>\n\t\t\t\t<\/div>\n\t\t\t\t<\/div>\n\t\t\t\t<div class=\"elementor-element elementor-element-2799d5c elementor-align-center elementor-widget elementor-widget-button\" data-id=\"2799d5c\" data-element_type=\"widget\" data-widget_type=\"button.default\">\n\t\t\t\t<div class=\"elementor-widget-container\">\n\t\t\t\t\t<div class=\"elementor-button-wrapper\">\n\t\t\t<a href=\"https:\/\/expert-seg.com\/site\/titulo-capitalizacao\" class=\"elementor-button-link elementor-button elementor-size-md\" role=\"button\">\n\t\t\t\t\t\t<span class=\"elementor-button-content-wrapper\">\n\t\t\t\t\t\t<span class=\"elementor-button-text\">Cotar agora<\/span>\n\t\t<\/span>\n\t\t\t\t\t<\/a>\n\t\t<\/div>\n\t\t\t\t<\/div>\n\t\t\t\t<\/div>\n\t\t\t\t\t<\/div>\n\t\t<\/div>\n\t\t\t\t<div class=\"elementor-column elementor-col-33 elementor-inner-column elementor-element elementor-element-48c6e574\" data-id=\"48c6e574\" data-element_type=\"column\">\n\t\t\t<div class=\"elementor-widget-wrap elementor-element-populated\">\n\t\t\t\t\t\t\t\t<div class=\"elementor-element elementor-element-7d2c57d3 elementor-widget elementor-widget-heading\" data-id=\"7d2c57d3\" data-element_type=\"widget\" data-widget_type=\"heading.default\">\n\t\t\t\t<div class=\"elementor-widget-container\">\n\t\t\t<h4 class=\"elementor-heading-title elementor-size-medium\"><a href=\"https:\/\/expert-seg.com\/site\/seguro-imobiliario\">Seguro imobili\u00e1rio<\/a><\/h4>\t\t<\/div>\n\t\t\t\t<\/div>\n\t\t\t\t<div class=\"elementor-element elementor-element-56eaaa05 elementor-widget elementor-widget-text-editor\" data-id=\"56eaaa05\" data-element_type=\"widget\" data-widget_type=\"text-editor.default\">\n\t\t\t\t<div class=\"elementor-widget-container\">\n\t\t\t\t\t<div class=\"elementor-text-editor elementor-clearfix\"><p>Seguro de prote\u00e7\u00e3o de danos ao im\u00f3vel do propriet\u00e1rio<\/p><\/div>\n\t\t\t\t<\/div>\n\t\t\t\t<\/div>\n\t\t\t\t<div class=\"elementor-element elementor-element-3ef729b elementor-align-center elementor-widget elementor-widget-button\" data-id=\"3ef729b\" data-element_type=\"widget\" data-widget_type=\"button.default\">\n\t\t\t\t<div class=\"elementor-widget-container\">\n\t\t\t\t\t<div class=\"elementor-button-wrapper\">\n\t\t\t<a href=\"https:\/\/expert-seg.com\/site\/seguro-imobiliario\" class=\"elementor-button-link elementor-button elementor-size-md\" role=\"button\">\n\t\t\t\t\t\t<span class=\"elementor-button-content-wrapper\">\n\t\t\t\t\t\t<span class=\"elementor-button-text\">Cotar agora<\/span>\n\t\t<\/span>\n\t\t\t\t\t<\/a>\n\t\t<\/div>\n\t\t\t\t<\/div>\n\t\t\t\t<\/div>\n\t\t\t\t\t<\/div>\n\t\t<\/div>\n\t\t\t\t\t\t\t<\/div>\n\t\t<\/section>\n\t\t\t\t\t<\/div>\n\t\t<\/div>\n\t\t\t\t\t\t\t<\/div>\n\t\t<\/section>\n\t\t\t\t\t\t<\/div>\n\t\t\t\t\t<\/div>\n\t\t","protected":false},"excerpt":{"rendered":"<p>Solu\u00e7\u00f5es para loca\u00e7\u00e3o Fian\u00e7a Locat\u00edcia Servi\u00e7o contratado pelo inquilino para prestar garantia do contrato de loca\u00e7\u00e3o onde propriet\u00e1rios e imobili\u00e1rias est\u00e3o protegidos de eventuais preju\u00edzos caso o inquilino n\u00e3o cumpra com suas obriga\u00e7\u00f5es Cotar agora T\u00edtulo de Capitaliza\u00e7\u00e3o Produto financeiro que inquilino adquire para fornecer como garantia de contrato de loca\u00e7\u00e3o. Na entrega das chaves [&hellip;]<\/p>\n","protected":false},"author":1,"featured_media":0,"parent":0,"menu_order":0,"comment_status":"closed","ping_status":"closed","template":"elementor_header_footer","meta":{"footnotes":""},"wf_page_folders":[12],"class_list":["post-686","page","type-page","status-publish","hentry"],"_links":{"self":[{"href":"https:\/\/expert-seg.com\/site\/wp-json\/wp\/v2\/pages\/686","targetHints":{"allow":["GET"]}}],"collection":[{"href":"https:\/\/expert-seg.com\/site\/wp-json\/wp\/v2\/pages"}],"about":[{"href":"https:\/\/expert-seg.com\/site\/wp-json\/wp\/v2\/types\/page"}],"author":[{"embeddable":true,"href":"https:\/\/expert-seg.com\/site\/wp-json\/wp\/v2\/users\/1"}],"replies":[{"embeddable":true,"href":"https:\/\/expert-seg.com\/site\/wp-json\/wp\/v2\/comments?post=686"}],"version-history":[{"count":69,"href":"https:\/\/expert-seg.com\/site\/wp-json\/wp\/v2\/pages\/686\/revisions"}],"predecessor-version":[{"id":1166,"href":"https:\/\/expert-seg.com\/site\/wp-json\/wp\/v2\/pages\/686\/revisions\/1166"}],"wp:attachment":[{"href":"https:\/\/expert-seg.com\/site\/wp-json\/wp\/v2\/media?parent=686"}],"wp:term":[{"taxonomy":"wf_page_folders","embeddable":true,"href":"https:\/\/expert-seg.com\/site\/wp-json\/wp\/v2\/wf_page_folders?post=686"}],"curies":[{"name":"wp","href":"https:\/\/api.w.org\/{rel}","templated":true}]}}